{"id":6530,"date":"2023-08-02T22:05:44","date_gmt":"2023-08-02T20:05:44","guid":{"rendered":"https:\/\/sushipokemoon.seekers-preview.ch\/sushi-poke-catering-moon-fuer-ihre-besonderen-anlaesse\/"},"modified":"2024-07-26T16:59:36","modified_gmt":"2024-07-26T14:59:36","slug":"sushi-poke-catering-moon-fuer-ihre-besonderen-anlaesse","status":"publish","type":"page","link":"https:\/\/www.sushi-pokemoon.ch\/de\/sushi-poke-catering-moon-fuer-ihre-besonderen-anlaesse\/","title":{"rendered":"Sushi &amp; Poke Catering MOON f\u00fcr Ihre besonderen Anl\u00e4sse"},"content":{"rendered":"\t\t<div data-elementor-type=\"wp-page\" data-elementor-id=\"6530\" class=\"elementor elementor-6530 elementor-4761\" data-elementor-post-type=\"page\">\n\t\t\t\t\t\t<section class=\"elementor-section elementor-top-section elementor-element elementor-element-a48ecad elementor-section-boxed elementor-section-height-default elementor-section-height-default\" data-id=\"a48ecad\" data-element_type=\"section\">\n\t\t\t\t\t\t<div class=\"elementor-container elementor-column-gap-default\">\n\t\t\t\t\t<div class=\"elementor-column elementor-col-100 elementor-top-column elementor-element elementor-element-520d45b\" data-id=\"520d45b\" data-element_type=\"column\">\n\t\t\t<div class=\"elementor-widget-wrap\">\n\t\t\t\t\t\t\t<\/div>\n\t\t<\/div>\n\t\t\t\t\t<\/div>\n\t\t<\/section>\n\t\t\t\t<section class=\"elementor-section elementor-top-section elementor-element elementor-element-2886a38 elementor-section-boxed elementor-section-height-default elementor-section-height-default\" data-id=\"2886a38\" data-element_type=\"section\">\n\t\t\t\t\t\t<div class=\"elementor-container elementor-column-gap-default\">\n\t\t\t\t\t<div class=\"elementor-column elementor-col-100 elementor-top-column elementor-element elementor-element-99f3b62\" data-id=\"99f3b62\" data-element_type=\"column\">\n\t\t\t<div class=\"elementor-widget-wrap elementor-element-populated\">\n\t\t\t\t\t\t<section class=\"elementor-section elementor-inner-section elementor-element elementor-element-26ee723 elementor-section-boxed elementor-section-height-default elementor-section-height-default\" data-id=\"26ee723\" data-element_type=\"section\">\n\t\t\t\t\t\t<div class=\"elementor-container elementor-column-gap-default\">\n\t\t\t\t\t<div class=\"elementor-column elementor-col-100 elementor-inner-column elementor-element elementor-element-a304ba3\" data-id=\"a304ba3\" data-element_type=\"column\">\n\t\t\t<div class=\"elementor-widget-wrap elementor-element-populated\">\n\t\t\t\t\t\t<div class=\"elementor-element elementor-element-ebe12e6 elementor-widget elementor-widget-text-editor\" data-id=\"ebe12e6\" data-element_type=\"widget\" data-widget_type=\"text-editor.default\">\n\t\t\t\t<div class=\"elementor-widget-container\">\n\t\t\t\t\t\t\t<p>Willkommen bei Sushi &amp; Poke MOON, Ihrem lebhaften und farbenfrohen japanischen Restaurant in Solothurn! Wir freuen uns, Ihnen ein Fest f\u00fcr alle Sinne zu bieten, sei es in unserem Restaurant oder bei Ihren besonderen Veranstaltungen. Ob Hochzeit, Geburtstag, Firmenfeier oder andere Veranstaltung, lassen Sie uns Ihr Caterer f\u00fcr ein unvergessliches kulinarisches Erlebnis sein.<\/p>\t\t\t\t\t\t<\/div>\n\t\t\t\t<\/div>\n\t\t\t\t<div class=\"elementor-element elementor-element-7e664ff elementor-widget elementor-widget-heading\" data-id=\"7e664ff\" data-element_type=\"widget\" data-widget_type=\"heading.default\">\n\t\t\t\t<div class=\"elementor-widget-container\">\n\t\t\t<h2 class=\"elementor-heading-title elementor-size-default\">Warum sollten Sie Sushi &amp; Poke MOON f\u00fcr Ihre Veranstaltung w\u00e4hlen?<\/h2>\t\t<\/div>\n\t\t\t\t<\/div>\n\t\t\t\t<div class=\"elementor-element elementor-element-c1df674 elementor-widget elementor-widget-text-editor\" data-id=\"c1df674\" data-element_type=\"widget\" data-widget_type=\"text-editor.default\">\n\t\t\t\t<div class=\"elementor-widget-container\">\n\t\t\t\t\t\t\t<p>Japanische <b>Authentizit\u00e4t<\/b> &#8211; Bei Sushi &amp; Poke MOON legen wir besonderen Wert auf die Authentizit\u00e4t der japanischen K\u00fcche. Unsere talentierten K\u00f6che bereiten frisches Sushi und Sashimi von Hand zu und verwenden hochwertige Zutaten, um Ihnen ein wahrhaft japanisches kulinarisches Erlebnis zu bieten.<\/p>\n<\/p>\n<p><b>Kreative Fusion<\/b> &#8211; Unser zeitgem\u00e4\u00dfes Men\u00fc verschmilzt traditionelle japanische Aromen mit einem kreativen Touch. Das bedeutet, dass Sie und Ihre G\u00e4ste Gerichte genie\u00dfen k\u00f6nnen, die Tradition mit Innovation verbinden und so ein einzigartiges Geschmackserlebnis bieten.<\/p>\n<\/p>\n<p><b>Frische und lokale Produkte<\/b> &#8211; Wir beziehen ausschlie\u00dflich frische Produkte aus der Region, um unsere Gerichte zuzubereiten. So k\u00f6nnen Sie sicher sein, dass Sie Gerichte genie\u00dfen, die mit hochwertigen Zutaten und unter Beachtung der Saisonalit\u00e4t zubereitet wurden.<\/p><\/p>\n\t\t\t\t\t\t<\/div>\n\t\t\t\t<\/div>\n\t\t\t\t<div class=\"elementor-element elementor-element-bdcbe65 elementor-widget elementor-widget-image\" data-id=\"bdcbe65\" data-element_type=\"widget\" data-widget_type=\"image.default\">\n\t\t\t\t<div class=\"elementor-widget-container\">\n\t\t\t\t\t\t\t\t\t\t\t\t\t<img fetchpriority=\"high\" decoding=\"async\" width=\"800\" height=\"640\" src=\"https:\/\/www.sushi-pokemoon.ch\/wp-content\/uploads\/2023\/08\/o2ynzxdqou0-1024x819.jpg\" class=\"attachment-large size-large wp-image-4767\" alt=\"food photography of varieties of sushies\" srcset=\"https:\/\/www.sushi-pokemoon.ch\/wp-content\/uploads\/2023\/08\/o2ynzxdqou0-1024x819.jpg 1024w, https:\/\/www.sushi-pokemoon.ch\/wp-content\/uploads\/2023\/08\/o2ynzxdqou0-300x240.jpg 300w, https:\/\/www.sushi-pokemoon.ch\/wp-content\/uploads\/2023\/08\/o2ynzxdqou0-768x614.jpg 768w, https:\/\/www.sushi-pokemoon.ch\/wp-content\/uploads\/2023\/08\/o2ynzxdqou0-200x160.jpg 200w, https:\/\/www.sushi-pokemoon.ch\/wp-content\/uploads\/2023\/08\/o2ynzxdqou0.jpg 1500w\" sizes=\"(max-width: 800px) 100vw, 800px\" \/>\t\t\t\t\t\t\t\t\t\t\t\t\t<\/div>\n\t\t\t\t<\/div>\n\t\t\t\t<div class=\"elementor-element elementor-element-684fd7e elementor-widget elementor-widget-heading\" data-id=\"684fd7e\" data-element_type=\"widget\" data-widget_type=\"heading.default\">\n\t\t\t\t<div class=\"elementor-widget-container\">\n\t\t\t<h2 class=\"elementor-heading-title elementor-size-default\">Unsere Catering-Dienste<\/h2>\t\t<\/div>\n\t\t\t\t<\/div>\n\t\t\t\t<div class=\"elementor-element elementor-element-5cd5e61 elementor-widget elementor-widget-text-editor\" data-id=\"5cd5e61\" data-element_type=\"widget\" data-widget_type=\"text-editor.default\">\n\t\t\t\t<div class=\"elementor-widget-container\">\n\t\t\t\t\t\t\t<p><b>Individuelle Men\u00fcs<\/b> &#8211; Wir arbeiten eng mit Ihnen zusammen, um ein ma\u00dfgeschneidertes Men\u00fc zu entwickeln, das Ihren Vorlieben und denen Ihrer G\u00e4ste entspricht. Ob Sie nun eine Auswahl an verschiedenen Sushis, schmackhafte Poke Bowls oder traditionelle warme Gerichte suchen, wir haben f\u00fcr jeden Gaumen etwas zu bieten.<\/p>\n<p><\/p>\n<p><b>Schnelle Lieferung<\/b> &#8211; Wir sorgen f\u00fcr eine schnelle Lieferung in der Umgebung von Solothurn, damit Ihre Gerichte frisch und genussfertig bei Ihrer Veranstaltung ankommen.<\/p>\n<p><\/p>\t\t\t\t\t\t<\/div>\n\t\t\t\t<\/div>\n\t\t\t\t<div class=\"elementor-element elementor-element-5360b36 elementor-widget elementor-widget-image\" data-id=\"5360b36\" data-element_type=\"widget\" data-widget_type=\"image.default\">\n\t\t\t\t<div class=\"elementor-widget-container\">\n\t\t\t\t\t\t\t\t\t\t\t\t\t<img decoding=\"async\" width=\"800\" height=\"450\" src=\"https:\/\/www.sushi-pokemoon.ch\/wp-content\/uploads\/2023\/08\/iohjkjqo6e0-1024x576.jpg\" class=\"attachment-large size-large wp-image-4765\" alt=\"sushi on black ceramic plate\" srcset=\"https:\/\/www.sushi-pokemoon.ch\/wp-content\/uploads\/2023\/08\/iohjkjqo6e0-1024x576.jpg 1024w, https:\/\/www.sushi-pokemoon.ch\/wp-content\/uploads\/2023\/08\/iohjkjqo6e0-300x169.jpg 300w, https:\/\/www.sushi-pokemoon.ch\/wp-content\/uploads\/2023\/08\/iohjkjqo6e0-768x432.jpg 768w, https:\/\/www.sushi-pokemoon.ch\/wp-content\/uploads\/2023\/08\/iohjkjqo6e0-200x113.jpg 200w, https:\/\/www.sushi-pokemoon.ch\/wp-content\/uploads\/2023\/08\/iohjkjqo6e0-1536x864.jpg 1536w, https:\/\/www.sushi-pokemoon.ch\/wp-content\/uploads\/2023\/08\/iohjkjqo6e0.jpg 1600w\" sizes=\"(max-width: 800px) 100vw, 800px\" \/>\t\t\t\t\t\t\t\t\t\t\t\t\t<\/div>\n\t\t\t\t<\/div>\n\t\t\t\t<div class=\"elementor-element elementor-element-3bd2cb4 elementor-widget elementor-widget-heading\" data-id=\"3bd2cb4\" data-element_type=\"widget\" data-widget_type=\"heading.default\">\n\t\t\t\t<div class=\"elementor-widget-container\">\n\t\t\t<h2 class=\"elementor-heading-title elementor-size-default\">Kontaktieren Sie uns jetzt, um unseren Catering-Service zu buchen<\/h2>\t\t<\/div>\n\t\t\t\t<\/div>\n\t\t\t\t<div class=\"elementor-element elementor-element-dde66da elementor-widget__width-initial elementor-widget elementor-widget-text-editor\" data-id=\"dde66da\" data-element_type=\"widget\" data-widget_type=\"text-editor.default\">\n\t\t\t\t<div class=\"elementor-widget-container\">\n\t\t\t\t\t\t\t<p>Wenn Sie unseren Catering-Service f\u00fcr Ihre Hochzeit, Ihren Geburtstag, Ihr Firmenevent oder eine andere Zusammenkunft buchen m\u00f6chten, kontaktieren Sie uns bitte unter <a href=\"mailto:info@sushi-pokemoon.ch\">info@sushi-pokemoon.ch<\/a> oder rufen Sie uns unter <a href=\"http:\/\/tel:0041326722277\">032 672 22 77<\/a> an.<\/p>\n<p>Wir freuen uns darauf, Teil Ihrer besonderen Veranstaltung zu sein und Ihnen ein unvergessliches kulinarisches Erlebnis zu bieten. Vertrauen Sie uns, um Ihrer Feier einen einzigartigen und k\u00f6stlichen japanischen Touch zu verleihen!<\/p><\/p>\n\t\t\t\t\t\t<\/div>\n\t\t\t\t<\/div>\n\t\t\t\t\t<\/div>\n\t\t<\/div>\n\t\t\t\t\t<\/div>\n\t\t<\/section>\n\t\t\t\t\t<\/div>\n\t\t<\/div>\n\t\t\t\t\t<\/div>\n\t\t<\/section>\n\t\t\t\t<\/div>\n\t\t","protected":false},"excerpt":{"rendered":"<p>Willkommen bei Sushi &amp; Poke MOON, Ihrem lebhaften und farbenfrohen japanischen Restaurant in Solothurn! Wir freuen uns, Ihnen ein Fest f\u00fcr alle Sinne zu bieten, sei es in unserem Restaurant oder bei Ihren besonderen Veranstaltungen. Ob Hochzeit, Geburtstag, Firmenfeier oder andere Veranstaltung, lassen Sie uns Ihr Caterer f\u00fcr ein unvergessliches kulinarisches Erlebnis sein. Warum sollten [&hellip;]<\/p>\n","protected":false},"author":142,"featured_media":0,"parent":0,"menu_order":0,"comment_status":"closed","ping_status":"closed","template":"","meta":{"footnotes":""},"class_list":["post-6530","page","type-page","status-publish","hentry"],"_links":{"self":[{"href":"https:\/\/www.sushi-pokemoon.ch\/de\/wp-json\/wp\/v2\/pages\/6530"}],"collection":[{"href":"https:\/\/www.sushi-pokemoon.ch\/de\/wp-json\/wp\/v2\/pages"}],"about":[{"href":"https:\/\/www.sushi-pokemoon.ch\/de\/wp-json\/wp\/v2\/types\/page"}],"author":[{"embeddable":true,"href":"https:\/\/www.sushi-pokemoon.ch\/de\/wp-json\/wp\/v2\/users\/142"}],"replies":[{"embeddable":true,"href":"https:\/\/www.sushi-pokemoon.ch\/de\/wp-json\/wp\/v2\/comments?post=6530"}],"version-history":[{"count":4,"href":"https:\/\/www.sushi-pokemoon.ch\/de\/wp-json\/wp\/v2\/pages\/6530\/revisions"}],"predecessor-version":[{"id":10079,"href":"https:\/\/www.sushi-pokemoon.ch\/de\/wp-json\/wp\/v2\/pages\/6530\/revisions\/10079"}],"wp:attachment":[{"href":"https:\/\/www.sushi-pokemoon.ch\/de\/wp-json\/wp\/v2\/media?parent=6530"}],"curies":[{"name":"wp","href":"https:\/\/api.w.org\/{rel}","templated":true}]}}