{"id":2860,"date":"2019-10-20T08:50:20","date_gmt":"2019-10-20T06:50:20","guid":{"rendered":"https:\/\/www.chicken-house.ch\/kontakt\/"},"modified":"2024-08-05T09:36:53","modified_gmt":"2024-08-05T07:36:53","slug":"kontakt","status":"publish","type":"page","link":"https:\/\/www.sushi-pokemoon.ch\/de\/kontakt\/","title":{"rendered":"Kontakt"},"content":{"rendered":"\t\t<div data-elementor-type=\"wp-page\" data-elementor-id=\"2860\" class=\"elementor elementor-2860 elementor-777\" data-elementor-post-type=\"page\">\n\t\t\t\t\t\t<section class=\"elementor-section elementor-top-section elementor-element elementor-element-9545e2a elementor-section-full_width elementor-section-height-default elementor-section-height-default\" data-id=\"9545e2a\" data-element_type=\"section\" data-settings=\"{&quot;background_background&quot;:&quot;classic&quot;}\">\n\t\t\t\t\t\t\t<div class=\"elementor-background-overlay\"><\/div>\n\t\t\t\t\t\t\t<div class=\"elementor-container elementor-column-gap-default\">\n\t\t\t\t\t<div class=\"elementor-column elementor-col-100 elementor-top-column elementor-element elementor-element-30dfb06\" data-id=\"30dfb06\" data-element_type=\"column\">\n\t\t\t<div class=\"elementor-widget-wrap elementor-element-populated\">\n\t\t\t\t\t\t<section class=\"elementor-section elementor-inner-section elementor-element elementor-element-d1d078e elementor-section-boxed elementor-section-height-default elementor-section-height-default\" data-id=\"d1d078e\" data-element_type=\"section\">\n\t\t\t\t\t\t<div class=\"elementor-container elementor-column-gap-default\">\n\t\t\t\t\t<div class=\"elementor-column elementor-col-100 elementor-inner-column elementor-element elementor-element-872f64c\" data-id=\"872f64c\" data-element_type=\"column\">\n\t\t\t<div class=\"elementor-widget-wrap elementor-element-populated\">\n\t\t\t\t\t\t<div class=\"elementor-element elementor-element-f8ff615 elementor-widget elementor-widget-heading\" data-id=\"f8ff615\" data-element_type=\"widget\" data-widget_type=\"heading.default\">\n\t\t\t\t<div class=\"elementor-widget-container\">\n\t\t\t<h2 class=\"elementor-heading-title elementor-size-default\">Kontaktieren Sie uns<\/h2>\t\t<\/div>\n\t\t\t\t<\/div>\n\t\t\t\t<div class=\"elementor-element elementor-element-eff70d2 elementor-widget elementor-widget-text-editor\" data-id=\"eff70d2\" data-element_type=\"widget\" data-widget_type=\"text-editor.default\">\n\t\t\t\t<div class=\"elementor-widget-container\">\n\t\t\t\t\t\t\t<p style=\"text-align: left;\">Ob Sie eine Reservierung vornehmen, eine Frage zu unserem Men\u00fc stellen oder uns einfach nur Ihre Kommentare mitteilen m\u00f6chten, z\u00f6gern Sie nicht, uns zu kontaktieren. Unser engagiertes Team ist da, um Ihnen zu helfen und Ihr Erlebnis bei Sushi &amp; PokeMOON so angenehm wie m\u00f6glich zu gestalten.<\/p>\n<p><span style=\"text-align: left;\">F\u00fcr Reservierungen und Sonderw\u00fcnsche kontaktieren Sie uns bitte unter <a href=\"http:\/\/+41326722277\" data-wplink-url-error=\"true\">032 672 22 77<\/a> oder per E-Mail an <a href=\"mailto:info@sushi-pokemoon.ch\">info@sushi-pokemoon.ch<\/a>.<\/span><\/p>\n\t\t\t\t\t\t<\/div>\n\t\t\t\t<\/div>\n\t\t\t\t<div class=\"elementor-element elementor-element-f484d7c elementor-widget elementor-widget-image\" data-id=\"f484d7c\" data-element_type=\"widget\" data-widget_type=\"image.default\">\n\t\t\t\t<div class=\"elementor-widget-container\">\n\t\t\t\t\t\t\t\t\t\t\t\t\t<img fetchpriority=\"high\" decoding=\"async\" width=\"1600\" height=\"1067\" src=\"https:\/\/www.sushi-pokemoon.ch\/wp-content\/uploads\/2023\/07\/wa8g4g4go8u.jpg\" class=\"attachment-full size-full wp-image-4588\" alt=\"a bowl of food sitting on a wooden table\" srcset=\"https:\/\/www.sushi-pokemoon.ch\/wp-content\/uploads\/2023\/07\/wa8g4g4go8u.jpg 1600w, https:\/\/www.sushi-pokemoon.ch\/wp-content\/uploads\/2023\/07\/wa8g4g4go8u-300x200.jpg 300w, https:\/\/www.sushi-pokemoon.ch\/wp-content\/uploads\/2023\/07\/wa8g4g4go8u-1024x683.jpg 1024w, https:\/\/www.sushi-pokemoon.ch\/wp-content\/uploads\/2023\/07\/wa8g4g4go8u-768x512.jpg 768w, https:\/\/www.sushi-pokemoon.ch\/wp-content\/uploads\/2023\/07\/wa8g4g4go8u-1536x1024.jpg 1536w\" sizes=\"(max-width: 1600px) 100vw, 1600px\" \/>\t\t\t\t\t\t\t\t\t\t\t\t\t<\/div>\n\t\t\t\t<\/div>\n\t\t\t\t\t<\/div>\n\t\t<\/div>\n\t\t\t\t\t<\/div>\n\t\t<\/section>\n\t\t\t\t<section class=\"elementor-section elementor-inner-section elementor-element elementor-element-1427d21 elementor-section-boxed elementor-section-height-default elementor-section-height-default\" data-id=\"1427d21\" data-element_type=\"section\">\n\t\t\t\t\t\t<div class=\"elementor-container elementor-column-gap-default\">\n\t\t\t\t\t<div class=\"elementor-column elementor-col-100 elementor-inner-column elementor-element elementor-element-1b55d9f\" data-id=\"1b55d9f\" data-element_type=\"column\">\n\t\t\t<div class=\"elementor-widget-wrap elementor-element-populated\">\n\t\t\t\t\t\t<div class=\"elementor-element elementor-element-ea6b4bc elementor-widget elementor-widget-heading\" data-id=\"ea6b4bc\" data-element_type=\"widget\" data-widget_type=\"heading.default\">\n\t\t\t\t<div class=\"elementor-widget-container\">\n\t\t\t<h2 class=\"elementor-heading-title elementor-size-default\">Adresse<\/h2>\t\t<\/div>\n\t\t\t\t<\/div>\n\t\t\t\t<div class=\"elementor-element elementor-element-f4a90e0 elementor-widget elementor-widget-text-editor\" data-id=\"f4a90e0\" data-element_type=\"widget\" data-widget_type=\"text-editor.default\">\n\t\t\t\t<div class=\"elementor-widget-container\">\n\t\t\t\t\t\t\t<p><span style=\"color: var( --e-global-color-secondary ); font-family: var( --e-global-typography-text-font-family ), Sans-serif; font-size: 1rem; font-weight: var( --e-global-typography-text-font-weight );\">Sushi &#038; POKEMOON<\/span><\/p>\n<p>Dornacherstrasse 25<br \/>4500 Solothurn\u00a0<\/p>\n<p><a href=\"https:\/\/www.google.ch\/maps\/place\/Dornacherstrasse+25,+4500+Solothurn\/@47.2041787,7.537249,16z\/data=!3m1!4b1!4m6!3m5!1s0x4791d7fc25861ea1:0x6b8411f378cb6ea4!8m2!3d47.2041787!4d7.5398239!16s%2Fg%2F11d_1vwwl2?entry=ttu\" target=\"_blank\" rel=\"noopener\">Google Maps<\/a><\/p>\n\t\t\t\t\t\t<\/div>\n\t\t\t\t<\/div>\n\t\t\t\t<div class=\"elementor-element elementor-element-d18941b elementor-widget elementor-widget-google_maps\" data-id=\"d18941b\" data-element_type=\"widget\" data-widget_type=\"google_maps.default\">\n\t\t\t\t<div class=\"elementor-widget-container\">\n\t\t\t\t\t<div class=\"elementor-custom-embed\">\n\t\t\t<iframe loading=\"lazy\"\n\t\t\t\t\tsrc=\"https:\/\/maps.google.com\/maps?q=Sushi%20%26%20Pokemoon%2C%20Solothurnstrasse%203%2C%204562%20Biberist&#038;t=m&#038;z=10&#038;output=embed&#038;iwloc=near\"\n\t\t\t\t\ttitle=\"Sushi &amp; Pokemoon, Solothurnstrasse 3, 4562 Biberist\"\n\t\t\t\t\taria-label=\"Sushi &amp; Pokemoon, Solothurnstrasse 3, 4562 Biberist\"\n\t\t\t><\/iframe>\n\t\t<\/div>\n\t\t\t\t<\/div>\n\t\t\t\t<\/div>\n\t\t\t\t\t<\/div>\n\t\t<\/div>\n\t\t\t\t\t<\/div>\n\t\t<\/section>\n\t\t\t\t<section class=\"elementor-section elementor-inner-section elementor-element elementor-element-d73006e elementor-section-boxed elementor-section-height-default elementor-section-height-default\" data-id=\"d73006e\" data-element_type=\"section\">\n\t\t\t\t\t\t<div class=\"elementor-container elementor-column-gap-default\">\n\t\t\t\t\t<div class=\"elementor-column elementor-col-100 elementor-inner-column elementor-element elementor-element-6584827\" data-id=\"6584827\" data-element_type=\"column\">\n\t\t\t<div class=\"elementor-widget-wrap elementor-element-populated\">\n\t\t\t\t\t\t<div class=\"elementor-element elementor-element-908b304 elementor-widget elementor-widget-heading\" data-id=\"908b304\" data-element_type=\"widget\" data-widget_type=\"heading.default\">\n\t\t\t\t<div class=\"elementor-widget-container\">\n\t\t\t<h2 class=\"elementor-heading-title elementor-size-default\">Er\u00f6ffnung<\/h2>\t\t<\/div>\n\t\t\t\t<\/div>\n\t\t\t\t<div class=\"elementor-element elementor-element-e979bc3 elementor-widget elementor-widget-text-editor\" data-id=\"e979bc3\" data-element_type=\"widget\" data-widget_type=\"text-editor.default\">\n\t\t\t\t<div class=\"elementor-widget-container\">\n\t\t\t\t\t\t\t<p><strong>Montag bis Freitag<\/strong><br \/>11:30 &#8211; 13:30 | 17:30 &#8211; 22:00<br \/><strong>Samstag und Sonntag<\/strong><br \/>11:30 &#8211; 13:30 | 17:00 &#8211; 22:00<\/p>\n\t\t\t\t\t\t<\/div>\n\t\t\t\t<\/div>\n\t\t\t\t<div class=\"elementor-element elementor-element-793a366 elementor-widget elementor-widget-image\" data-id=\"793a366\" data-element_type=\"widget\" data-widget_type=\"image.default\">\n\t\t\t\t<div class=\"elementor-widget-container\">\n\t\t\t\t\t\t\t\t\t\t\t\t\t<img decoding=\"async\" width=\"1600\" height=\"1067\" src=\"https:\/\/www.sushi-pokemoon.ch\/wp-content\/uploads\/2023\/07\/1geaa8q3wk.jpg\" class=\"attachment-full size-full wp-image-4627\" alt=\"sushi on white ceramic plate\" srcset=\"https:\/\/www.sushi-pokemoon.ch\/wp-content\/uploads\/2023\/07\/1geaa8q3wk.jpg 1600w, https:\/\/www.sushi-pokemoon.ch\/wp-content\/uploads\/2023\/07\/1geaa8q3wk-300x200.jpg 300w, https:\/\/www.sushi-pokemoon.ch\/wp-content\/uploads\/2023\/07\/1geaa8q3wk-1024x683.jpg 1024w, https:\/\/www.sushi-pokemoon.ch\/wp-content\/uploads\/2023\/07\/1geaa8q3wk-768x512.jpg 768w, https:\/\/www.sushi-pokemoon.ch\/wp-content\/uploads\/2023\/07\/1geaa8q3wk-1536x1024.jpg 1536w\" sizes=\"(max-width: 1600px) 100vw, 1600px\" \/>\t\t\t\t\t\t\t\t\t\t\t\t\t<\/div>\n\t\t\t\t<\/div>\n\t\t\t\t\t<\/div>\n\t\t<\/div>\n\t\t\t\t\t<\/div>\n\t\t<\/section>\n\t\t\t\t<section class=\"elementor-section elementor-inner-section elementor-element elementor-element-f9fb9ee elementor-section-boxed elementor-section-height-default elementor-section-height-default\" data-id=\"f9fb9ee\" data-element_type=\"section\">\n\t\t\t\t\t\t<div class=\"elementor-container elementor-column-gap-default\">\n\t\t\t\t\t<div class=\"elementor-column elementor-col-100 elementor-inner-column elementor-element elementor-element-eff5d79\" data-id=\"eff5d79\" data-element_type=\"column\">\n\t\t\t<div class=\"elementor-widget-wrap elementor-element-populated\">\n\t\t\t\t\t\t<div class=\"elementor-element elementor-element-e4d357e elementor-widget elementor-widget-heading\" data-id=\"e4d357e\" data-element_type=\"widget\" data-widget_type=\"heading.default\">\n\t\t\t\t<div class=\"elementor-widget-container\">\n\t\t\t<h2 class=\"elementor-heading-title elementor-size-default\">Kontaktformular<\/h2>\t\t<\/div>\n\t\t\t\t<\/div>\n\t\t\t\t<div class=\"elementor-element elementor-element-a529d93 elementor-widget elementor-widget-shortcode\" data-id=\"a529d93\" data-element_type=\"widget\" data-widget_type=\"shortcode.default\">\n\t\t\t\t<div class=\"elementor-widget-container\">\n\t\t\t\t\t<div class=\"elementor-shortcode\">\n<div class=\"wpcf7 no-js\" id=\"wpcf7-f6288-o1\" lang=\"de-DE\" dir=\"ltr\" data-wpcf7-id=\"6288\">\n<div class=\"screen-reader-response\"><p role=\"status\" aria-live=\"polite\" aria-atomic=\"true\"><\/p> <ul><\/ul><\/div>\n<form action=\"\/de\/wp-json\/wp\/v2\/pages\/2860#wpcf7-f6288-o1\" method=\"post\" class=\"wpcf7-form init\" aria-label=\"Kontaktformular\" novalidate=\"novalidate\" data-status=\"init\">\n<div style=\"display: none;\">\n<input type=\"hidden\" name=\"_wpcf7\" value=\"6288\" \/>\n<input type=\"hidden\" name=\"_wpcf7_version\" value=\"6.0.1\" \/>\n<input type=\"hidden\" name=\"_wpcf7_locale\" value=\"de_DE\" \/>\n<input type=\"hidden\" name=\"_wpcf7_unit_tag\" value=\"wpcf7-f6288-o1\" \/>\n<input type=\"hidden\" name=\"_wpcf7_container_post\" value=\"0\" \/>\n<input type=\"hidden\" name=\"_wpcf7_posted_data_hash\" value=\"\" \/>\n<input type=\"hidden\" name=\"_wpcf7_recaptcha_response\" value=\"\" \/>\n<\/div>\n<div class=\"ts-contact-form\">\n\t<div class=\"form-group\">\n\t\t<p><span class=\"wpcf7-form-control-wrap\" data-name=\"contact_name\"><input size=\"40\" maxlength=\"400\" class=\"wpcf7-form-control wpcf7-text ts-input\" aria-invalid=\"false\" placeholder=\"Name\" value=\"\" type=\"text\" name=\"contact_name\" \/><\/span>\n\t\t<\/p>\n\t<\/div>\n\t<div class=\"form-group\">\n\t\t<p><span class=\"wpcf7-form-control-wrap\" data-name=\"contact_email\"><input size=\"40\" maxlength=\"400\" class=\"wpcf7-form-control wpcf7-email wpcf7-validates-as-required wpcf7-text wpcf7-validates-as-email ts-input\" aria-required=\"true\" aria-invalid=\"false\" placeholder=\"E-Mail\" value=\"\" type=\"email\" name=\"contact_email\" \/><\/span>\n\t\t<\/p>\n\t<\/div>\n\t<div class=\"form-group\">\n\t\t<p><span class=\"wpcf7-form-control-wrap\" data-name=\"contact_number\"><input size=\"40\" maxlength=\"400\" class=\"wpcf7-form-control wpcf7-tel wpcf7-text wpcf7-validates-as-tel ts-input\" aria-invalid=\"false\" placeholder=\"Telefon\" value=\"\" type=\"tel\" name=\"contact_number\" \/><\/span>\n\t\t<\/p>\n\t<\/div>\n\t<div class=\"form-group\">\n\t\t<p><span class=\"wpcf7-form-control-wrap\" data-name=\"contact_msg\"><textarea cols=\"40\" rows=\"10\" maxlength=\"2000\" class=\"wpcf7-form-control wpcf7-textarea wpcf7-validates-as-required ts-input ts-msg\" aria-required=\"true\" aria-invalid=\"false\" placeholder=\"Deine Nachricht\" name=\"contact_msg\"><\/textarea><\/span>\n\t\t<\/p>\n\t<\/div>\n\t<div class=\"form-group\">\n\t\t<p><input class=\"wpcf7-form-control wpcf7-submit has-spinner btn btn-primary btn-submit\" type=\"submit\" value=\"Envoyer\" \/>\n\t\t<\/p>\n\t<\/div>\n<\/div><div class=\"wpcf7-response-output\" aria-hidden=\"true\"><\/div>\n<\/form>\n<\/div>\n<\/div>\n\t\t\t\t<\/div>\n\t\t\t\t<\/div>\n\t\t\t\t\t<\/div>\n\t\t<\/div>\n\t\t\t\t\t<\/div>\n\t\t<\/section>\n\t\t\t\t\t<\/div>\n\t\t<\/div>\n\t\t\t\t\t<\/div>\n\t\t<\/section>\n\t\t\t\t<\/div>\n\t\t","protected":false},"excerpt":{"rendered":"<p>Kontaktieren Sie uns Ob Sie eine Reservierung vornehmen, eine Frage zu unserem Men\u00fc stellen oder uns einfach nur Ihre Kommentare mitteilen m\u00f6chten, z\u00f6gern Sie nicht, uns zu kontaktieren. Unser engagiertes Team ist da, um Ihnen zu helfen und Ihr Erlebnis bei Sushi &amp; PokeMOON so angenehm wie m\u00f6glich zu gestalten. F\u00fcr Reservierungen und Sonderw\u00fcnsche kontaktieren [&hellip;]<\/p>\n","protected":false},"author":142,"featured_media":0,"parent":0,"menu_order":0,"comment_status":"closed","ping_status":"closed","template":"","meta":{"footnotes":""},"class_list":["post-2860","page","type-page","status-publish","hentry"],"_links":{"self":[{"href":"https:\/\/www.sushi-pokemoon.ch\/de\/wp-json\/wp\/v2\/pages\/2860"}],"collection":[{"href":"https:\/\/www.sushi-pokemoon.ch\/de\/wp-json\/wp\/v2\/pages"}],"about":[{"href":"https:\/\/www.sushi-pokemoon.ch\/de\/wp-json\/wp\/v2\/types\/page"}],"author":[{"embeddable":true,"href":"https:\/\/www.sushi-pokemoon.ch\/de\/wp-json\/wp\/v2\/users\/142"}],"replies":[{"embeddable":true,"href":"https:\/\/www.sushi-pokemoon.ch\/de\/wp-json\/wp\/v2\/comments?post=2860"}],"version-history":[{"count":8,"href":"https:\/\/www.sushi-pokemoon.ch\/de\/wp-json\/wp\/v2\/pages\/2860\/revisions"}],"predecessor-version":[{"id":10125,"href":"https:\/\/www.sushi-pokemoon.ch\/de\/wp-json\/wp\/v2\/pages\/2860\/revisions\/10125"}],"wp:attachment":[{"href":"https:\/\/www.sushi-pokemoon.ch\/de\/wp-json\/wp\/v2\/media?parent=2860"}],"curies":[{"name":"wp","href":"https:\/\/api.w.org\/{rel}","templated":true}]}}