{"id":2858,"date":"2019-10-17T03:17:05","date_gmt":"2019-10-17T01:17:05","guid":{"rendered":"https:\/\/www.chicken-house.ch\/ueber-chicken-house\/"},"modified":"2024-08-05T09:37:01","modified_gmt":"2024-08-05T07:37:01","slug":"ueber-sushi-poke-moon","status":"publish","type":"page","link":"https:\/\/www.sushi-pokemoon.ch\/de\/ueber-sushi-poke-moon\/","title":{"rendered":"\u00dcber Sushi &amp; poke MOON"},"content":{"rendered":"\t\t<div data-elementor-type=\"wp-page\" data-elementor-id=\"2858\" class=\"elementor elementor-2858 elementor-477\" data-elementor-post-type=\"page\">\n\t\t\t\t\t\t<section class=\"elementor-section elementor-top-section elementor-element elementor-element-c83c227 elementor-section-boxed elementor-section-height-default elementor-section-height-default\" data-id=\"c83c227\" data-element_type=\"section\" data-settings=\"{&quot;background_background&quot;:&quot;classic&quot;}\">\n\t\t\t\t\t\t\t<div class=\"elementor-background-overlay\"><\/div>\n\t\t\t\t\t\t\t<div class=\"elementor-container elementor-column-gap-default\">\n\t\t\t\t\t<div class=\"elementor-column elementor-col-100 elementor-top-column elementor-element elementor-element-b1d985a\" data-id=\"b1d985a\" data-element_type=\"column\">\n\t\t\t<div class=\"elementor-widget-wrap elementor-element-populated\">\n\t\t\t\t\t\t<section class=\"elementor-section elementor-inner-section elementor-element elementor-element-951e93d elementor-section-boxed elementor-section-height-default elementor-section-height-default\" data-id=\"951e93d\" data-element_type=\"section\">\n\t\t\t\t\t\t<div class=\"elementor-container elementor-column-gap-default\">\n\t\t\t\t\t<div class=\"elementor-column elementor-col-100 elementor-inner-column elementor-element elementor-element-d08bbbe\" data-id=\"d08bbbe\" data-element_type=\"column\">\n\t\t\t<div class=\"elementor-widget-wrap elementor-element-populated\">\n\t\t\t\t\t\t<div class=\"elementor-element elementor-element-3dc6201 elementor-widget elementor-widget-heading\" data-id=\"3dc6201\" data-element_type=\"widget\" data-widget_type=\"heading.default\">\n\t\t\t\t<div class=\"elementor-widget-container\">\n\t\t\t<h2 class=\"elementor-heading-title elementor-size-default\">Eine einzigartige Erfahrung<\/h2>\t\t<\/div>\n\t\t\t\t<\/div>\n\t\t\t\t<div class=\"elementor-element elementor-element-e6db09b elementor-widget elementor-widget-text-editor\" data-id=\"e6db09b\" data-element_type=\"widget\" data-widget_type=\"text-editor.default\">\n\t\t\t\t<div class=\"elementor-widget-container\">\n\t\t\t\t\t\t\t<p>Bei Sushi &amp; PokeMOON laden wir Sie zu einer pulsierenden kulinarischen Reise ein, die von den belebten Stra\u00dfen Tokios inspiriert ist. Unser japanisches Restaurant bietet Ihnen ein unvergessliches gastronomisches Erlebnis, bei dem sich authentische Aromen harmonisch mit einem zeitgen\u00f6ssischen Touch vermischen. Lassen Sie sich von uns auf eine geschmackliche Reise durch die K\u00f6stlichkeiten der japanischen K\u00fcche entf\u00fchren.<\/p>\n<p>Unsere abwechslungsreiche Speisekarte verk\u00f6rpert die perfekte Verbindung von Tradition und Innovation. Unsere Sushis und Sashimis werden von Hand mit den frischesten Zutaten zubereitet und garantieren eine Geschmacksexplosion in jedem Bissen. Au\u00dferdem k\u00f6nnen Sie k\u00f6stliche dampfende Ramenschalen, knusprige Tempuras, gro\u00dfz\u00fcgige Poke Bowls und viele andere exquisite Kreationen genie\u00dfen.<\/p>\n<p><\/p>\t\t\t\t\t\t<\/div>\n\t\t\t\t<\/div>\n\t\t\t\t<div class=\"elementor-element elementor-element-e549cf7 elementor-widget elementor-widget-image\" data-id=\"e549cf7\" data-element_type=\"widget\" data-widget_type=\"image.default\">\n\t\t\t\t<div class=\"elementor-widget-container\">\n\t\t\t\t\t\t\t\t\t\t\t\t\t<img fetchpriority=\"high\" decoding=\"async\" width=\"800\" height=\"534\" src=\"https:\/\/www.sushi-pokemoon.ch\/wp-content\/uploads\/2023\/07\/dbx6-xzy6dg-1024x683.jpg\" class=\"attachment-large size-large wp-image-4590\" alt=\"sushi on black square plate\" srcset=\"https:\/\/www.sushi-pokemoon.ch\/wp-content\/uploads\/2023\/07\/dbx6-xzy6dg-1024x683.jpg 1024w, https:\/\/www.sushi-pokemoon.ch\/wp-content\/uploads\/2023\/07\/dbx6-xzy6dg-300x200.jpg 300w, https:\/\/www.sushi-pokemoon.ch\/wp-content\/uploads\/2023\/07\/dbx6-xzy6dg-768x512.jpg 768w, https:\/\/www.sushi-pokemoon.ch\/wp-content\/uploads\/2023\/07\/dbx6-xzy6dg-1536x1024.jpg 1536w, https:\/\/www.sushi-pokemoon.ch\/wp-content\/uploads\/2023\/07\/dbx6-xzy6dg.jpg 1600w\" sizes=\"(max-width: 800px) 100vw, 800px\" \/>\t\t\t\t\t\t\t\t\t\t\t\t\t<\/div>\n\t\t\t\t<\/div>\n\t\t\t\t<div class=\"elementor-element elementor-element-49146d6 elementor-widget elementor-widget-text-editor\" data-id=\"49146d6\" data-element_type=\"widget\" data-widget_type=\"text-editor.default\">\n\t\t\t\t<div class=\"elementor-widget-container\">\n\t\t\t\t\t\t\t<p><span style=\"color: var( --e-global-color-secondary ); font-family: var( --e-global-typography-text-font-family ), Sans-serif; font-size: 1rem; font-weight: var( --e-global-typography-text-font-weight );\">Sushi &amp; PokeMOON ist nicht nur ein Ort, um Ihren Appetit zu stillen, es ist ein echtes Erlebnis f\u00fcr die Sinne. Unsere lebhafte Atmosph\u00e4re und unser ikonisches Design versetzen Sie in das gesch\u00e4ftige Treiben der japanischen Stra\u00dfen und wecken Ihre Neugier und Leidenschaft f\u00fcr kulinarische Entdeckungen.<\/span><\/p>\n<p>Ob Sie nun ein Liebhaber der japanischen K\u00fcche sind oder neue Geschmacksrichtungen entdecken m\u00f6chten, unser freundliches und einladendes Team ist da, um Sie w\u00e4hrend Ihres Essens zu begleiten. Wir sind bestrebt, einen aufmerksamen Service zu bieten, damit jeder Besuch bei Sushi &amp; PokeMOON zu einem unvergesslichen Erlebnis wird.<\/p><\/p>\n\t\t\t\t\t\t<\/div>\n\t\t\t\t<\/div>\n\t\t\t\t<div class=\"elementor-element elementor-element-b6a3246 elementor-widget elementor-widget-image\" data-id=\"b6a3246\" data-element_type=\"widget\" data-widget_type=\"image.default\">\n\t\t\t\t<div class=\"elementor-widget-container\">\n\t\t\t\t\t\t\t\t\t\t\t\t\t<img decoding=\"async\" width=\"800\" height=\"534\" src=\"https:\/\/www.sushi-pokemoon.ch\/wp-content\/uploads\/2023\/07\/wa8g4g4go8u-1024x683.jpg\" class=\"attachment-large size-large wp-image-4588\" alt=\"a bowl of food sitting on a wooden table\" srcset=\"https:\/\/www.sushi-pokemoon.ch\/wp-content\/uploads\/2023\/07\/wa8g4g4go8u-1024x683.jpg 1024w, https:\/\/www.sushi-pokemoon.ch\/wp-content\/uploads\/2023\/07\/wa8g4g4go8u-300x200.jpg 300w, https:\/\/www.sushi-pokemoon.ch\/wp-content\/uploads\/2023\/07\/wa8g4g4go8u-768x512.jpg 768w, https:\/\/www.sushi-pokemoon.ch\/wp-content\/uploads\/2023\/07\/wa8g4g4go8u-1536x1024.jpg 1536w, https:\/\/www.sushi-pokemoon.ch\/wp-content\/uploads\/2023\/07\/wa8g4g4go8u.jpg 1600w\" sizes=\"(max-width: 800px) 100vw, 800px\" \/>\t\t\t\t\t\t\t\t\t\t\t\t\t<\/div>\n\t\t\t\t<\/div>\n\t\t\t\t<div class=\"elementor-element elementor-element-81c74ae elementor-widget elementor-widget-text-editor\" data-id=\"81c74ae\" data-element_type=\"widget\" data-widget_type=\"text-editor.default\">\n\t\t\t\t<div class=\"elementor-widget-container\">\n\t\t\t\t\t\t\t<p><span style=\"color: var( --e-global-color-secondary ); font-family: var( --e-global-typography-text-font-family ), Sans-serif; font-size: 1rem; font-weight: var( --e-global-typography-text-font-weight );\">Ob ein schnelles Mittagessen mit Freunden, ein romantisches Abendessen oder ein Ausflug mit der Familie &#8211; unser Restaurant ist der ideale Ort, um k\u00f6stliche Momente zu teilen und einzigartige Erinnerungen zu schaffen.<\/span><\/p>\n<p>Besuchen Sie uns in Biberist und tauchen Sie ein in die bezaubernde Welt von Sushi &amp; PokeMOON. Wir freuen uns darauf, Sie zu begr\u00fc\u00dfen und Ihnen ein unvergleichliches kulinarisches Erlebnis zu bieten, bei dem Tradition, Kreativit\u00e4t und Gastfreundschaft zur Freude Ihrer Geschmacksknospen zusammenkommen.<\/p><\/p>\n\t\t\t\t\t\t<\/div>\n\t\t\t\t<\/div>\n\t\t\t\t\t<\/div>\n\t\t<\/div>\n\t\t\t\t\t<\/div>\n\t\t<\/section>\n\t\t\t\t<section class=\"elementor-section elementor-inner-section elementor-element elementor-element-46f00c3 elementor-section-boxed elementor-section-height-default elementor-section-height-default\" data-id=\"46f00c3\" data-element_type=\"section\" id=\"ouverture\">\n\t\t\t\t\t\t<div class=\"elementor-container elementor-column-gap-default\">\n\t\t\t\t\t<div class=\"elementor-column elementor-col-100 elementor-inner-column elementor-element elementor-element-bd838fb\" data-id=\"bd838fb\" data-element_type=\"column\">\n\t\t\t<div class=\"elementor-widget-wrap elementor-element-populated\">\n\t\t\t\t\t\t<div class=\"elementor-element elementor-element-f054da0 elementor-widget elementor-widget-heading\" data-id=\"f054da0\" data-element_type=\"widget\" data-widget_type=\"heading.default\">\n\t\t\t\t<div class=\"elementor-widget-container\">\n\t\t\t<h2 class=\"elementor-heading-title elementor-size-default\">Er\u00f6ffnung<\/h2>\t\t<\/div>\n\t\t\t\t<\/div>\n\t\t\t\t<div class=\"elementor-element elementor-element-fcdc5d4 elementor-widget elementor-widget-text-editor\" data-id=\"fcdc5d4\" data-element_type=\"widget\" data-widget_type=\"text-editor.default\">\n\t\t\t\t<div class=\"elementor-widget-container\">\n\t\t\t\t\t\t\t<p><strong>Montag bis Freitag<\/strong><br \/>11:30 &#8211; 13:30 | 17:30 &#8211; 22:00<br \/><strong>Samstag und Sonntag<\/strong><br \/>11:30 &#8211; 13:30 | 17:00 &#8211; 22:00<\/p>\n\t\t\t\t\t\t<\/div>\n\t\t\t\t<\/div>\n\t\t\t\t<div class=\"elementor-element elementor-element-b9e87c2 elementor-widget elementor-widget-image\" data-id=\"b9e87c2\" data-element_type=\"widget\" data-widget_type=\"image.default\">\n\t\t\t\t<div class=\"elementor-widget-container\">\n\t\t\t\t\t\t\t\t\t\t\t\t\t<img decoding=\"async\" width=\"1600\" height=\"1067\" src=\"https:\/\/www.sushi-pokemoon.ch\/wp-content\/uploads\/2023\/07\/8sozj8jf0s8.jpg\" class=\"attachment-full size-full wp-image-4594\" alt=\"canal between cherry blossom trees\" srcset=\"https:\/\/www.sushi-pokemoon.ch\/wp-content\/uploads\/2023\/07\/8sozj8jf0s8.jpg 1600w, https:\/\/www.sushi-pokemoon.ch\/wp-content\/uploads\/2023\/07\/8sozj8jf0s8-300x200.jpg 300w, https:\/\/www.sushi-pokemoon.ch\/wp-content\/uploads\/2023\/07\/8sozj8jf0s8-1024x683.jpg 1024w, https:\/\/www.sushi-pokemoon.ch\/wp-content\/uploads\/2023\/07\/8sozj8jf0s8-768x512.jpg 768w, https:\/\/www.sushi-pokemoon.ch\/wp-content\/uploads\/2023\/07\/8sozj8jf0s8-1536x1024.jpg 1536w\" sizes=\"(max-width: 1600px) 100vw, 1600px\" \/>\t\t\t\t\t\t\t\t\t\t\t\t\t<\/div>\n\t\t\t\t<\/div>\n\t\t\t\t\t<\/div>\n\t\t<\/div>\n\t\t\t\t\t<\/div>\n\t\t<\/section>\n\t\t\t\t<section class=\"elementor-section elementor-inner-section elementor-element elementor-element-f2a6682 elementor-section-boxed elementor-section-height-default elementor-section-height-default\" data-id=\"f2a6682\" data-element_type=\"section\" id=\"adresse\">\n\t\t\t\t\t\t<div class=\"elementor-container elementor-column-gap-default\">\n\t\t\t\t\t<div class=\"elementor-column elementor-col-100 elementor-inner-column elementor-element elementor-element-1d49b56\" data-id=\"1d49b56\" data-element_type=\"column\">\n\t\t\t<div class=\"elementor-widget-wrap elementor-element-populated\">\n\t\t\t\t\t\t<div class=\"elementor-element elementor-element-802fd63 elementor-widget elementor-widget-heading\" data-id=\"802fd63\" data-element_type=\"widget\" data-widget_type=\"heading.default\">\n\t\t\t\t<div class=\"elementor-widget-container\">\n\t\t\t<h2 class=\"elementor-heading-title elementor-size-default\">Adresse<\/h2>\t\t<\/div>\n\t\t\t\t<\/div>\n\t\t\t\t<div class=\"elementor-element elementor-element-045fca0 elementor-widget elementor-widget-text-editor\" data-id=\"045fca0\" data-element_type=\"widget\" data-widget_type=\"text-editor.default\">\n\t\t\t\t<div class=\"elementor-widget-container\">\n\t\t\t\t\t\t\t<p><span style=\"color: var( --e-global-color-secondary ); font-family: var( --e-global-typography-text-font-family ), Sans-serif; font-size: 1rem; font-weight: var( --e-global-typography-text-font-weight );\">Sushi &#038; POKEMOON<\/span><\/p>\n<p>Dornacherstrasse 25<br \/>4500 Solothurn\u00a0<\/p>\n<p><a href=\"https:\/\/www.google.ch\/maps\/place\/Dornacherstrasse+25,+4500+Solothurn\/@47.2041787,7.537249,16z\/data=!3m1!4b1!4m6!3m5!1s0x4791d7fc25861ea1:0x6b8411f378cb6ea4!8m2!3d47.2041787!4d7.5398239!16s%2Fg%2F11d_1vwwl2?entry=ttu\" target=\"_blank\" rel=\"noopener\">Google Maps<\/a><\/p>\n\t\t\t\t\t\t<\/div>\n\t\t\t\t<\/div>\n\t\t\t\t<div class=\"elementor-element elementor-element-d2d657d elementor-widget elementor-widget-image\" data-id=\"d2d657d\" data-element_type=\"widget\" data-widget_type=\"image.default\">\n\t\t\t\t<div class=\"elementor-widget-container\">\n\t\t\t\t\t\t\t\t\t\t\t\t\t<img loading=\"lazy\" decoding=\"async\" width=\"1600\" height=\"1068\" src=\"https:\/\/www.sushi-pokemoon.ch\/wp-content\/uploads\/2023\/07\/hwlai5lrhdm.jpg\" class=\"attachment-full size-full wp-image-4596\" alt=\"three bicycles parked in front of building\" srcset=\"https:\/\/www.sushi-pokemoon.ch\/wp-content\/uploads\/2023\/07\/hwlai5lrhdm.jpg 1600w, https:\/\/www.sushi-pokemoon.ch\/wp-content\/uploads\/2023\/07\/hwlai5lrhdm-300x200.jpg 300w, https:\/\/www.sushi-pokemoon.ch\/wp-content\/uploads\/2023\/07\/hwlai5lrhdm-1024x684.jpg 1024w, https:\/\/www.sushi-pokemoon.ch\/wp-content\/uploads\/2023\/07\/hwlai5lrhdm-768x513.jpg 768w, https:\/\/www.sushi-pokemoon.ch\/wp-content\/uploads\/2023\/07\/hwlai5lrhdm-1536x1025.jpg 1536w\" sizes=\"(max-width: 1600px) 100vw, 1600px\" \/>\t\t\t\t\t\t\t\t\t\t\t\t\t<\/div>\n\t\t\t\t<\/div>\n\t\t\t\t\t<\/div>\n\t\t<\/div>\n\t\t\t\t\t<\/div>\n\t\t<\/section>\n\t\t\t\t<section class=\"elementor-section elementor-inner-section elementor-element elementor-element-6d94318 elementor-section-boxed elementor-section-height-default elementor-section-height-default\" data-id=\"6d94318\" data-element_type=\"section\" id=\"evenements\">\n\t\t\t\t\t\t<div class=\"elementor-container elementor-column-gap-default\">\n\t\t\t\t\t<div class=\"elementor-column elementor-col-100 elementor-inner-column elementor-element elementor-element-850a8c8\" data-id=\"850a8c8\" data-element_type=\"column\">\n\t\t\t<div class=\"elementor-widget-wrap elementor-element-populated\">\n\t\t\t\t\t\t<div class=\"elementor-element elementor-element-10bb377 elementor-widget elementor-widget-heading\" data-id=\"10bb377\" data-element_type=\"widget\" data-widget_type=\"heading.default\">\n\t\t\t\t<div class=\"elementor-widget-container\">\n\t\t\t<h2 class=\"elementor-heading-title elementor-size-default\">Veranstaltungen und Buchungen<\/h2>\t\t<\/div>\n\t\t\t\t<\/div>\n\t\t\t\t<div class=\"elementor-element elementor-element-7c551a8 elementor-widget elementor-widget-text-editor\" data-id=\"7c551a8\" data-element_type=\"widget\" data-widget_type=\"text-editor.default\">\n\t\t\t\t<div class=\"elementor-widget-container\">\n\t\t\t\t\t\t\t<p>Privatisieren Sie das Restaurant f\u00fcr Ihre Hochzeit, Ihr Bankett oder Ihren Betriebsausflug. Oder reservieren Sie einfach Ihren Tisch f\u00fcr heute Abend. Wir stehen Ihnen gerne zur Verf\u00fcgung, um diesen Moment unvergesslich zu machen!<\/p>\n<p>F\u00fcr Reservierungen und Sonderw\u00fcnsche kontaktieren Sie uns bitte unter <a style=\"background-color: #000000;\" href=\"http:\/\/+41326722277\/\" data-wplink-url-error=\"true\">032 672 22 77<\/a> oder per E-Mail an <a style=\"background-color: #000000;\" href=\"mailto:info@sushi-pokemoon.ch\">info@sushi-pokemoon.ch<\/a>.<\/p>\n\t\t\t\t\t\t<\/div>\n\t\t\t\t<\/div>\n\t\t\t\t<div class=\"elementor-element elementor-element-5dd7a13 elementor-widget elementor-widget-button\" data-id=\"5dd7a13\" data-element_type=\"widget\" data-widget_type=\"button.default\">\n\t\t\t\t<div class=\"elementor-widget-container\">\n\t\t\t\t\t\t\t<div class=\"elementor-button-wrapper\">\n\t\t\t\t\t<a class=\"elementor-button elementor-button-link elementor-size-sm\" href=\"https:\/\/www.sushi-pokemoon.ch\/de\/sushi-poke-catering-moon-fuer-ihre-besonderen-anlaesse\/\">\n\t\t\t\t\t\t<span class=\"elementor-button-content-wrapper\">\n\t\t\t\t\t\t\t\t\t<span class=\"elementor-button-text\">Erfahren Sie mehr \u00fcber unseren Catering-Service<\/span>\n\t\t\t\t\t<\/span>\n\t\t\t\t\t<\/a>\n\t\t\t\t<\/div>\n\t\t\t\t\t\t<\/div>\n\t\t\t\t<\/div>\n\t\t\t\t<div class=\"elementor-element elementor-element-403b65e elementor-widget elementor-widget-image\" data-id=\"403b65e\" data-element_type=\"widget\" data-widget_type=\"image.default\">\n\t\t\t\t<div class=\"elementor-widget-container\">\n\t\t\t\t\t\t\t\t\t\t\t\t\t<img loading=\"lazy\" decoding=\"async\" width=\"1600\" height=\"1067\" src=\"https:\/\/www.sushi-pokemoon.ch\/wp-content\/uploads\/2023\/07\/nyycqdbokwc.jpg\" class=\"attachment-full size-full wp-image-4598\" alt=\"gray pathway between red and black wooden pillar\" srcset=\"https:\/\/www.sushi-pokemoon.ch\/wp-content\/uploads\/2023\/07\/nyycqdbokwc.jpg 1600w, https:\/\/www.sushi-pokemoon.ch\/wp-content\/uploads\/2023\/07\/nyycqdbokwc-300x200.jpg 300w, https:\/\/www.sushi-pokemoon.ch\/wp-content\/uploads\/2023\/07\/nyycqdbokwc-1024x683.jpg 1024w, https:\/\/www.sushi-pokemoon.ch\/wp-content\/uploads\/2023\/07\/nyycqdbokwc-768x512.jpg 768w, https:\/\/www.sushi-pokemoon.ch\/wp-content\/uploads\/2023\/07\/nyycqdbokwc-1536x1024.jpg 1536w\" sizes=\"(max-width: 1600px) 100vw, 1600px\" \/>\t\t\t\t\t\t\t\t\t\t\t\t\t<\/div>\n\t\t\t\t<\/div>\n\t\t\t\t\t<\/div>\n\t\t<\/div>\n\t\t\t\t\t<\/div>\n\t\t<\/section>\n\t\t\t\t<section class=\"elementor-section elementor-inner-section elementor-element elementor-element-9eaa6e0 elementor-section-boxed elementor-section-height-default elementor-section-height-default\" data-id=\"9eaa6e0\" data-element_type=\"section\" id=\"offresemploi\">\n\t\t\t\t\t\t<div class=\"elementor-container elementor-column-gap-default\">\n\t\t\t\t\t<div class=\"elementor-column elementor-col-100 elementor-inner-column elementor-element elementor-element-905055f\" data-id=\"905055f\" data-element_type=\"column\">\n\t\t\t<div class=\"elementor-widget-wrap elementor-element-populated\">\n\t\t\t\t\t\t<div class=\"elementor-element elementor-element-dd8e576 elementor-widget elementor-widget-heading\" data-id=\"dd8e576\" data-element_type=\"widget\" data-widget_type=\"heading.default\">\n\t\t\t\t<div class=\"elementor-widget-container\">\n\t\t\t<h2 class=\"elementor-heading-title elementor-size-default\">Stellenangebote bei Sushi &amp; Poke MOON<\/h2>\t\t<\/div>\n\t\t\t\t<\/div>\n\t\t\t\t<div class=\"elementor-element elementor-element-55b308e elementor-widget elementor-widget-text-editor\" data-id=\"55b308e\" data-element_type=\"widget\" data-widget_type=\"text-editor.default\">\n\t\t\t\t<div class=\"elementor-widget-container\">\n\t\t\t\t\t\t\t<p>Werden Sie Teil unseres dynamischen und leidenschaftlichen Teams bei Sushi &amp; Poke MOON! Wir sind st\u00e4ndig auf der Suche nach neuen Talenten, die zu unserem Erfolg beitragen und unseren G\u00e4sten ein au\u00dfergew\u00f6hnliches kulinarisches Erlebnis bieten. Wenn Sie eine Leidenschaft f\u00fcr die japanische K\u00fcche haben, serviceorientiert sind und sich in einem lebhaften Umfeld weiterentwickeln m\u00f6chten, haben wir vielleicht die perfekte Stelle f\u00fcr Sie.<\/p><\/p>\n\t\t\t\t\t\t<\/div>\n\t\t\t\t<\/div>\n\t\t\t\t<div class=\"elementor-element elementor-element-90d432f elementor-widget elementor-widget-text-editor\" data-id=\"90d432f\" data-element_type=\"widget\" data-widget_type=\"text-editor.default\">\n\t\t\t\t<div class=\"elementor-widget-container\">\n\t\t\t\t\t\t\t<p><span style=\"color: var( --e-global-color-secondary ); font-family: var( --e-global-typography-text-font-family ), Sans-serif; font-size: 1rem;\"><b>Offene Stellen :<\/b><\/span><\/p>\n<p><span style=\"text-decoration: underline;\"><em><strong>Zusteller\/in :<\/strong><\/em><\/span><\/p>\n<p>Wenn Sie leidenschaftlich gerne Auto fahren und Teil unseres Lieferdienstes werden m\u00f6chten, ist diese Stelle genau das Richtige f\u00fcr Sie. Sie sind daf\u00fcr verantwortlich, unsere k\u00f6stlichen Gerichte an die Kunden in der Umgebung von Biberist auszuliefern. Dabei achten Sie darauf, dass die Bestellungen rechtzeitig und in einwandfreiem Zustand ankommen.<\/p>\n\t\t\t\t\t\t<\/div>\n\t\t\t\t<\/div>\n\t\t\t\t<div class=\"elementor-element elementor-element-a67a8a3 elementor-widget elementor-widget-text-editor\" data-id=\"a67a8a3\" data-element_type=\"widget\" data-widget_type=\"text-editor.default\">\n\t\t\t\t<div class=\"elementor-widget-container\">\n\t\t\t\t\t\t\t<p><b>Wie man sich bewirbt :<\/b><\/p>\n<p>Wenn Sie an einer dieser Stellen interessiert sind und Teil unseres Teams werden m\u00f6chten, senden Sie uns bitte Ihren Lebenslauf und ein Bewerbungsschreiben an folgende Adresse: <a href=\"mailto:info@sushi-pokemoon.ch\">info@sushi-pokemoon.ch<\/a>.<\/p>\n<p>Bei Sushi &amp; Poke MOON sch\u00e4tzen wir die Vielfalt und setzen uns f\u00fcr ein integratives Arbeitsumfeld ein. Wir begr\u00fc\u00dfen Bewerbungen von Personen mit unterschiedlichen Hintergr\u00fcnden und Erfahrungen.<\/p>\n<p>Begleiten Sie uns auf ein einzigartiges kulinarisches Abenteuer und eine bereichernde Berufserfahrung bei Sushi &amp; Poke MOON!<\/p>\t\t\t\t\t\t<\/div>\n\t\t\t\t<\/div>\n\t\t\t\t<div class=\"elementor-element elementor-element-a49fc42 elementor-widget elementor-widget-image\" data-id=\"a49fc42\" data-element_type=\"widget\" data-widget_type=\"image.default\">\n\t\t\t\t<div class=\"elementor-widget-container\">\n\t\t\t\t\t\t\t\t\t\t\t\t\t<img loading=\"lazy\" decoding=\"async\" width=\"1600\" height=\"1067\" src=\"https:\/\/www.sushi-pokemoon.ch\/wp-content\/uploads\/2023\/08\/itxg2yay1ak.jpg\" class=\"attachment-full size-full wp-image-4779\" alt=\"person making sushi\" srcset=\"https:\/\/www.sushi-pokemoon.ch\/wp-content\/uploads\/2023\/08\/itxg2yay1ak.jpg 1600w, https:\/\/www.sushi-pokemoon.ch\/wp-content\/uploads\/2023\/08\/itxg2yay1ak-300x200.jpg 300w, https:\/\/www.sushi-pokemoon.ch\/wp-content\/uploads\/2023\/08\/itxg2yay1ak-1024x683.jpg 1024w, https:\/\/www.sushi-pokemoon.ch\/wp-content\/uploads\/2023\/08\/itxg2yay1ak-768x512.jpg 768w, https:\/\/www.sushi-pokemoon.ch\/wp-content\/uploads\/2023\/08\/itxg2yay1ak-200x133.jpg 200w, https:\/\/www.sushi-pokemoon.ch\/wp-content\/uploads\/2023\/08\/itxg2yay1ak-1536x1024.jpg 1536w\" sizes=\"(max-width: 1600px) 100vw, 1600px\" \/>\t\t\t\t\t\t\t\t\t\t\t\t\t<\/div>\n\t\t\t\t<\/div>\n\t\t\t\t\t<\/div>\n\t\t<\/div>\n\t\t\t\t\t<\/div>\n\t\t<\/section>\n\t\t\t\t<section class=\"elementor-section elementor-inner-section elementor-element elementor-element-5de697a elementor-section-boxed elementor-section-height-default elementor-section-height-default\" data-id=\"5de697a\" data-element_type=\"section\">\n\t\t\t\t\t\t<div class=\"elementor-container elementor-column-gap-default\">\n\t\t\t\t\t<div class=\"elementor-column elementor-col-100 elementor-inner-column elementor-element elementor-element-863771a\" data-id=\"863771a\" data-element_type=\"column\">\n\t\t\t<div class=\"elementor-widget-wrap elementor-element-populated\">\n\t\t\t\t\t\t<div class=\"elementor-element elementor-element-c574803 elementor-widget elementor-widget-heading\" data-id=\"c574803\" data-element_type=\"widget\" data-widget_type=\"heading.default\">\n\t\t\t\t<div class=\"elementor-widget-container\">\n\t\t\t<h2 class=\"elementor-heading-title elementor-size-default\">Soziale Netzwerke<\/h2>\t\t<\/div>\n\t\t\t\t<\/div>\n\t\t\t\t<div class=\"elementor-element elementor-element-5be7fc3 elementor-widget elementor-widget-text-editor\" data-id=\"5be7fc3\" data-element_type=\"widget\" data-widget_type=\"text-editor.default\">\n\t\t\t\t<div class=\"elementor-widget-container\">\n\t\t\t\t\t\t\t<p>Folge uns in den sozialen Netzwerken f\u00fcr Updates, Angebote und besondere Ereignisse: <a href=\"https:\/\/www.instagram.com\/sushi_pokemoon\/\" target=\"_blank\" rel=\"noopener\">Instagram<\/a> &amp; <a href=\"https:\/\/www.tiktok.com\/@sushi_pokemoon\/\" target=\"_blank\" rel=\"noopener\">TikTok<\/a>.<\/p>\n<p>Wir freuen uns darauf, Sie bald bei Sushi &amp; PokeMOON begr\u00fc\u00dfen zu d\u00fcrfen, wo die Leidenschaft f\u00fcr die japanische K\u00fcche zum Leben erwacht!<\/p>\n\t\t\t\t\t\t<\/div>\n\t\t\t\t<\/div>\n\t\t\t\t<div class=\"elementor-element elementor-element-7f61ffc elementor-widget elementor-widget-image\" data-id=\"7f61ffc\" data-element_type=\"widget\" data-widget_type=\"image.default\">\n\t\t\t\t<div class=\"elementor-widget-container\">\n\t\t\t\t\t\t\t\t\t\t\t\t\t<img loading=\"lazy\" decoding=\"async\" width=\"1600\" height=\"1067\" src=\"https:\/\/www.sushi-pokemoon.ch\/wp-content\/uploads\/2023\/07\/58tj5u21byy.jpg\" class=\"attachment-full size-full wp-image-4600\" alt=\"school of orange and white koi\" srcset=\"https:\/\/www.sushi-pokemoon.ch\/wp-content\/uploads\/2023\/07\/58tj5u21byy.jpg 1600w, https:\/\/www.sushi-pokemoon.ch\/wp-content\/uploads\/2023\/07\/58tj5u21byy-300x200.jpg 300w, https:\/\/www.sushi-pokemoon.ch\/wp-content\/uploads\/2023\/07\/58tj5u21byy-1024x683.jpg 1024w, https:\/\/www.sushi-pokemoon.ch\/wp-content\/uploads\/2023\/07\/58tj5u21byy-768x512.jpg 768w, https:\/\/www.sushi-pokemoon.ch\/wp-content\/uploads\/2023\/07\/58tj5u21byy-1536x1024.jpg 1536w\" sizes=\"(max-width: 1600px) 100vw, 1600px\" \/>\t\t\t\t\t\t\t\t\t\t\t\t\t<\/div>\n\t\t\t\t<\/div>\n\t\t\t\t\t<\/div>\n\t\t<\/div>\n\t\t\t\t\t<\/div>\n\t\t<\/section>\n\t\t\t\t\t<\/div>\n\t\t<\/div>\n\t\t\t\t\t<\/div>\n\t\t<\/section>\n\t\t\t\t<\/div>\n\t\t","protected":false},"excerpt":{"rendered":"<p>Eine einzigartige Erfahrung Bei Sushi &amp; PokeMOON laden wir Sie zu einer pulsierenden kulinarischen Reise ein, die von den belebten Stra\u00dfen Tokios inspiriert ist. Unser japanisches Restaurant bietet Ihnen ein unvergessliches gastronomisches Erlebnis, bei dem sich authentische Aromen harmonisch mit einem zeitgen\u00f6ssischen Touch vermischen. Lassen Sie sich von uns auf eine geschmackliche Reise durch die [&hellip;]<\/p>\n","protected":false},"author":142,"featured_media":0,"parent":0,"menu_order":0,"comment_status":"closed","ping_status":"closed","template":"","meta":{"footnotes":""},"class_list":["post-2858","page","type-page","status-publish","hentry"],"_links":{"self":[{"href":"https:\/\/www.sushi-pokemoon.ch\/de\/wp-json\/wp\/v2\/pages\/2858"}],"collection":[{"href":"https:\/\/www.sushi-pokemoon.ch\/de\/wp-json\/wp\/v2\/pages"}],"about":[{"href":"https:\/\/www.sushi-pokemoon.ch\/de\/wp-json\/wp\/v2\/types\/page"}],"author":[{"embeddable":true,"href":"https:\/\/www.sushi-pokemoon.ch\/de\/wp-json\/wp\/v2\/users\/142"}],"replies":[{"embeddable":true,"href":"https:\/\/www.sushi-pokemoon.ch\/de\/wp-json\/wp\/v2\/comments?post=2858"}],"version-history":[{"count":20,"href":"https:\/\/www.sushi-pokemoon.ch\/de\/wp-json\/wp\/v2\/pages\/2858\/revisions"}],"predecessor-version":[{"id":10126,"href":"https:\/\/www.sushi-pokemoon.ch\/de\/wp-json\/wp\/v2\/pages\/2858\/revisions\/10126"}],"wp:attachment":[{"href":"https:\/\/www.sushi-pokemoon.ch\/de\/wp-json\/wp\/v2\/media?parent=2858"}],"curies":[{"name":"wp","href":"https:\/\/api.w.org\/{rel}","templated":true}]}}